{"id":1287,"date":"2026-01-28T14:13:47","date_gmt":"2026-01-28T14:13:47","guid":{"rendered":"https:\/\/eupulsevape.com\/?post_type=product&#038;p=1287"},"modified":"2026-01-28T14:14:22","modified_gmt":"2026-01-28T14:14:22","slug":"e-papierosy-merrymi-m-mecha-16-000-buchow-o-smaku-triple-mango","status":"publish","type":"product","link":"https:\/\/eupulsevape.com\/?product=e-papierosy-merrymi-m-mecha-16-000-buchow-o-smaku-triple-mango","title":{"rendered":"E-Papierosy MerryMi M-Mecha 16 000 buch\u00f3w o smaku Triple Mango"},"content":{"rendered":"<p>MERRYMI M-MECHA 16 000 &#8211; JEDNORAZOWY E-PAPIEROS<br \/>\n16000 BUCH\u00d3W \/ 16000 PUFFS \/ O SMAKU TRIPLE MANGO<br \/>\n\u00a0<br \/>\nLICZBA BUCH\u00d3W &#8211; 16000 PUFFS<br \/>\nILO\u015a\u0106 P\u0141YNU &#8211; 20 ML<br \/>\nSMAK\u00a0 &#8211; MANGO<br \/>\nMOC &#8211; 30 MG NIKOTYNY (3%)<br \/>\nPOJEMNO\u015a\u0106 BATERII &#8211; 620 MAH<br \/>\n\u0141ADOWANIE: USB TYP C<br \/>\nWY\u015aWIETLACZ LED: TAK<br \/>\n\u00a0<br \/>\nJEDNORAZOWY E-PAPIEROS MERRYMI M-MECHA 16 000 | TRIPLE MANGO<br \/>\nTen wariant, to uk\u0142on w stron\u0119 os\u00f3b, kt\u00f3re kochaj\u0105 egzotyczne smaki. Urz\u0105dzenie \u0142\u0105czy nowoczesne rozwi\u0105zania techniczne z owocowym charakterem, oferuj\u0105c do 16 000 zaci\u0105gni\u0119\u0107 w trybie Normal lub oko\u0142o 10 000 w trybie Turbo. Dzi\u0119ki technologii dual mesh coil smak pozostaje intensywny i stabilny przez ca\u0142y czas u\u017cytkowania.<br \/>\nPROFIL SMAKOWY TRIPLE MANGO<br \/>\nSmak ten, to klasyczny, ale wyrazisty wariant- soczyste, s\u0142odkie mango w potr\u00f3jnej intensywno\u015bci. Smak jest pe\u0142ny, egzotyczny i naturalny, idealny dla fan\u00f3w tropikalnych aromat\u00f3w. Ka\u017cdy buch przenosi w klimaty letnich owoc\u00f3w, podkre\u015blaj\u0105c s\u0142odycz i lekko kwaskow\u0105 nut\u0119 charakterystyczn\u0105 dla dojrza\u0142ego mango.<br \/>\nSYSTEM GRZEWCZY DUAL MESH COIL<br \/>\nM-Mecha 16K korzysta z podw\u00f3jnych grza\u0142ek mesh, kt\u00f3re dbaj\u0105 o r\u00f3wnomierne podgrzewanie p\u0142ynu. W trybie Normal pracuje jedna grza\u0142ka, co pozwala osi\u0105gn\u0105\u0107 do 16 000 buch\u00f3w. W trybie Turbo w\u0142\u0105czaj\u0105 si\u0119 obie, zmniejszaj\u0105c liczb\u0119 puff\u00f3w do oko\u0142o 10 000, ale wzmacniaj\u0105c intensywno\u015b\u0107 smaku i chmur\u0119 pary.<br \/>\nTEN E-PAPIEROS TO16 000 ZACI\u0104GNI\u0118\u0106! | WYDAJNO\u015a\u0106 I PRAKTYCZNO\u015a\u0106<br \/>\nTo urz\u0105dzenie mie\u015bci 20 ml p\u0142ynu oraz posiada akumulator 620 mAh, kt\u00f3re sprawiaj\u0105, \u017ce dzia\u0142a d\u0142ugo i nie wymaga cz\u0119stej wymiany. Port USB-C gwarantuje szybkie i wygodne \u0142adowanie.<br \/>\nWY\u015aWIETLACZ LED &#8211; BIE\u017b\u0104CA KONTROLA PARAMETR\u00d3W<br \/>\nCzytelny ekran LED informuje o stanie baterii, poziomie p\u0142ynu i aktywnym trybie pracy. To rozwi\u0105zanie, kt\u00f3re daje pewno\u015b\u0107 i wygod\u0119 w codziennym u\u017cytkowaniu.<br \/>\nE-PAPIEROS REGULOWANIE POZIOM\u00d3W MOCY<br \/>\nMerryMi M-Mecha 16K Triple Mango pozwala dopasowa\u0107 styl u\u017cytkowania do indywidualnych preferencji. Mo\u017cesz wybra\u0107 spokojny tryb Normal albo postawi\u0107 na Turbo, aby poczu\u0107 pe\u0142n\u0105 moc i g\u0119sto\u015b\u0107 pary.<\/p>\n","protected":false},"excerpt":{"rendered":"<p>MERRYMI M-MECHA 16 000 &#8211; JEDNORAZOWY E-PAPIEROS 16000 BUCH\u00d3W \/ 16000 PUFFS \/ O SMAKU TRIPLE MANGO \u00a0 LICZBA BUCH\u00d3W &#8211; 16000 PUFFS ILO\u015a\u0106 P\u0141YNU &#8211; 20 ML SMAK\u00a0 &#8211; MANGO MOC &#8211; 30 MG NIKOTYNY (3%) POJEMNO\u015a\u0106 BATERII &#8211; 620 MAH \u0141ADOWANIE: USB TYP C WY\u015aWIETLACZ LED: TAK \u00a0 JEDNORAZOWY E-PAPIEROS MERRYMI M-MECHA 16 [&hellip;]<\/p>\n","protected":false},"featured_media":1335,"comment_status":"open","ping_status":"closed","template":"","meta":[],"product_brand":[],"product_cat":[122,127],"product_tag":[],"class_list":{"0":"post-1287","1":"product","2":"type-product","3":"status-publish","4":"has-post-thumbnail","6":"product_cat-merrymi-disposables","7":"product_cat-merrymi-mecha-16000","9":"first","10":"instock","11":"shipping-taxable","12":"purchasable","13":"product-type-simple"},"aioseo_notices":[],"_links":{"self":[{"href":"https:\/\/eupulsevape.com\/index.php?rest_route=\/wp\/v2\/product\/1287","targetHints":{"allow":["GET"]}}],"collection":[{"href":"https:\/\/eupulsevape.com\/index.php?rest_route=\/wp\/v2\/product"}],"about":[{"href":"https:\/\/eupulsevape.com\/index.php?rest_route=\/wp\/v2\/types\/product"}],"replies":[{"embeddable":true,"href":"https:\/\/eupulsevape.com\/index.php?rest_route=%2Fwp%2Fv2%2Fcomments&post=1287"}],"wp:featuredmedia":[{"embeddable":true,"href":"https:\/\/eupulsevape.com\/index.php?rest_route=\/wp\/v2\/media\/1335"}],"wp:attachment":[{"href":"https:\/\/eupulsevape.com\/index.php?rest_route=%2Fwp%2Fv2%2Fmedia&parent=1287"}],"wp:term":[{"taxonomy":"product_brand","embeddable":true,"href":"https:\/\/eupulsevape.com\/index.php?rest_route=%2Fwp%2Fv2%2Fproduct_brand&post=1287"},{"taxonomy":"product_cat","embeddable":true,"href":"https:\/\/eupulsevape.com\/index.php?rest_route=%2Fwp%2Fv2%2Fproduct_cat&post=1287"},{"taxonomy":"product_tag","embeddable":true,"href":"https:\/\/eupulsevape.com\/index.php?rest_route=%2Fwp%2Fv2%2Fproduct_tag&post=1287"}],"curies":[{"name":"wp","href":"https:\/\/api.w.org\/{rel}","templated":true}]}}